{"id":20,"date":"2025-12-01T17:18:52","date_gmt":"2025-12-01T16:18:52","guid":{"rendered":"https:\/\/site-pedago.pixerecourt.fr\/wordpress_decouverte\/?page_id=20"},"modified":"2025-12-01T17:33:41","modified_gmt":"2025-12-01T16:33:41","slug":"tutoriels","status":"publish","type":"page","link":"https:\/\/wordpress-base.pixerecourt.fr\/?page_id=20","title":{"rendered":"Tutoriels"},"content":{"rendered":"\n<p>Le contenu de cette page est constitu\u00e9 de deux colonnes, des vid\u00e9o embarqu\u00e9es youtube sont dans la colonne de droite.<\/p>\n\n\n\n<p>Les tutoriels pr\u00e9sents peuvent donner un bon point de d\u00e9part<\/p>\n\n\n\n<div class=\"wp-block-columns is-layout-flex wp-container-core-columns-is-layout-9d6595d7 wp-block-columns-is-layout-flex\">\n<div class=\"wp-block-column is-layout-flow wp-block-column-is-layout-flow\">\n<p>Tutoriel expliquant l&rsquo;utilisation de l&rsquo;\u00e9diteur de wordpress (Gutenberg), c&rsquo;est l&rsquo;\u00e9diteur que vous avez actuellement. <\/p>\n\n\n\n<p><\/p>\n<\/div>\n\n\n\n<div class=\"wp-block-column is-layout-flow wp-block-column-is-layout-flow\">\n<figure class=\"wp-block-embed is-type-video is-provider-youtube wp-block-embed-youtube wp-embed-aspect-16-9 wp-has-aspect-ratio\"><div class=\"wp-block-embed__wrapper\">\n<iframe loading=\"lazy\" title=\"Tuto - GUTENBERG WORDPRESS : Apprendre \u00e0 Utiliser Gutenberg (2025)\" width=\"720\" height=\"405\" src=\"https:\/\/www.youtube.com\/embed\/fZbe4JgCuPg?feature=oembed\" frameborder=\"0\" allow=\"accelerometer; autoplay; clipboard-write; encrypted-media; gyroscope; picture-in-picture; web-share\" referrerpolicy=\"strict-origin-when-cross-origin\" allowfullscreen><\/iframe>\n<\/div><\/figure>\n<\/div>\n<\/div>\n\n\n\n<div class=\"wp-block-columns is-layout-flex wp-container-core-columns-is-layout-9d6595d7 wp-block-columns-is-layout-flex\">\n<div class=\"wp-block-column is-layout-flow wp-block-column-is-layout-flow\">\n<p>Tutoriel plus complet, m\u00eame si tout n&rsquo;est pas utile en ce qui vous concerne. Vous pouvez commencer le visionnage au chapitre 5. il utilise le th\u00e8me gratuit \u00ab\u00a0astra\u00a0\u00bb<\/p>\n<\/div>\n\n\n\n<div class=\"wp-block-column is-layout-flow wp-block-column-is-layout-flow\">\n<figure class=\"wp-block-embed is-type-video is-provider-youtube wp-block-embed-youtube wp-embed-aspect-16-9 wp-has-aspect-ratio\"><div class=\"wp-block-embed__wrapper\">\n<iframe loading=\"lazy\" title=\"Formation WordPress de A \u00e0 Z : Cr\u00e9er votre Site Web Complet \ud83d\udda5\ufe0f\" width=\"720\" height=\"405\" src=\"https:\/\/www.youtube.com\/embed\/Z9d09_h1j8c?feature=oembed\" frameborder=\"0\" allow=\"accelerometer; autoplay; clipboard-write; encrypted-media; gyroscope; picture-in-picture; web-share\" referrerpolicy=\"strict-origin-when-cross-origin\" allowfullscreen><\/iframe>\n<\/div><\/figure>\n<\/div>\n<\/div>\n\n\n\n<div class=\"wp-block-columns is-layout-flex wp-container-core-columns-is-layout-9d6595d7 wp-block-columns-is-layout-flex\">\n<div class=\"wp-block-column is-layout-flow wp-block-column-is-layout-flow\">\n<p>Idem pour celui-ci, mais la fa\u00e7on de travailler est diff\u00e9rente, Le d\u00e9but sur h\u00e9bergement et le nom de domaine ne vous concerne pas ici<\/p>\n<\/div>\n\n\n\n<div class=\"wp-block-column is-layout-flow wp-block-column-is-layout-flow\">\n<figure class=\"wp-block-embed is-type-video is-provider-youtube wp-block-embed-youtube wp-embed-aspect-16-9 wp-has-aspect-ratio\"><div class=\"wp-block-embed__wrapper\">\n<iframe loading=\"lazy\" title=\"Cr\u00e9er un site WordPress facilement en 2025 !\" width=\"720\" height=\"405\" src=\"https:\/\/www.youtube.com\/embed\/yM_5coYNZAs?feature=oembed\" frameborder=\"0\" allow=\"accelerometer; autoplay; clipboard-write; encrypted-media; gyroscope; picture-in-picture; web-share\" referrerpolicy=\"strict-origin-when-cross-origin\" allowfullscreen><\/iframe>\n<\/div><\/figure>\n<\/div>\n<\/div>\n\n\n\n<div class=\"wp-block-columns is-layout-flex wp-container-core-columns-is-layout-9d6595d7 wp-block-columns-is-layout-flex\">\n<div class=\"wp-block-column is-layout-flow wp-block-column-is-layout-flow\">\n<p>Celui-ci est pas mal non plus, mais il utilise plus d&rsquo;extension, et un \u00ab\u00a0pagebuilder\u00a0\u00bb nomm\u00e9 \u00ab\u00a0\u00e9lementor\u00a0\u00bb. On rentre dans une utilisation plus complexe: <\/p>\n<\/div>\n\n\n\n<div class=\"wp-block-column is-layout-flow wp-block-column-is-layout-flow\">\n<figure class=\"wp-block-embed is-type-video is-provider-youtube wp-block-embed-youtube wp-embed-aspect-16-9 wp-has-aspect-ratio\"><div class=\"wp-block-embed__wrapper\">\n<iframe loading=\"lazy\" title=\"Tutoriel WordPress 2025 : Apprendre \u00e0 cr\u00e9er un site professionnel de A \u00e0 Z !\" width=\"720\" height=\"405\" src=\"https:\/\/www.youtube.com\/embed\/zPzz7AL4ivU?feature=oembed\" frameborder=\"0\" allow=\"accelerometer; autoplay; clipboard-write; encrypted-media; gyroscope; picture-in-picture; web-share\" referrerpolicy=\"strict-origin-when-cross-origin\" allowfullscreen><\/iframe>\n<\/div><\/figure>\n<\/div>\n<\/div>\n\n\n\n<div class=\"wp-block-columns is-layout-flex wp-container-core-columns-is-layout-9d6595d7 wp-block-columns-is-layout-flex\">\n<div class=\"wp-block-column is-layout-flow wp-block-column-is-layout-flow\">\n<p>Celui-ci utilise le th\u00e8me \u00ab\u00a0Variation\u00a0\u00bb<\/p>\n<\/div>\n\n\n\n<div class=\"wp-block-column is-layout-flow wp-block-column-is-layout-flow\">\n<figure class=\"wp-block-embed is-type-video is-provider-youtube wp-block-embed-youtube wp-embed-aspect-16-9 wp-has-aspect-ratio\"><div class=\"wp-block-embed__wrapper\">\n<iframe loading=\"lazy\" title=\"Comment Cre\u0301er un Site Web avec WordPress (2025)\" width=\"720\" height=\"405\" src=\"https:\/\/www.youtube.com\/embed\/wCDaxehVwoY?feature=oembed\" frameborder=\"0\" allow=\"accelerometer; autoplay; clipboard-write; encrypted-media; gyroscope; picture-in-picture; web-share\" referrerpolicy=\"strict-origin-when-cross-origin\" allowfullscreen><\/iframe>\n<\/div><\/figure>\n<\/div>\n<\/div>\n","protected":false},"excerpt":{"rendered":"<p>Le contenu de cette page est constitu\u00e9 de deux colonnes, des vid\u00e9o embarqu\u00e9es youtube sont dans la colonne de droite. Les tutoriels pr\u00e9sents peuvent donner un bon point de d\u00e9part Tutoriel expliquant l&rsquo;utilisation de l&rsquo;\u00e9diteur de wordpress (Gutenberg), c&rsquo;est l&rsquo;\u00e9diteur que vous avez actuellement. Tutoriel plus complet, m\u00eame si tout n&rsquo;est pas utile en ce&#8230;<\/p>\n","protected":false},"author":1,"featured_media":0,"parent":0,"menu_order":0,"comment_status":"closed","ping_status":"closed","template":"","meta":{"_kad_post_transparent":"","_kad_post_title":"","_kad_post_layout":"","_kad_post_sidebar_id":"","_kad_post_content_style":"","_kad_post_vertical_padding":"","_kad_post_feature":"","_kad_post_feature_position":"","_kad_post_header":false,"_kad_post_footer":false,"_kad_post_classname":"","footnotes":""},"class_list":["post-20","page","type-page","status-publish","hentry"],"_links":{"self":[{"href":"https:\/\/wordpress-base.pixerecourt.fr\/index.php?rest_route=\/wp\/v2\/pages\/20","targetHints":{"allow":["GET"]}}],"collection":[{"href":"https:\/\/wordpress-base.pixerecourt.fr\/index.php?rest_route=\/wp\/v2\/pages"}],"about":[{"href":"https:\/\/wordpress-base.pixerecourt.fr\/index.php?rest_route=\/wp\/v2\/types\/page"}],"author":[{"embeddable":true,"href":"https:\/\/wordpress-base.pixerecourt.fr\/index.php?rest_route=\/wp\/v2\/users\/1"}],"replies":[{"embeddable":true,"href":"https:\/\/wordpress-base.pixerecourt.fr\/index.php?rest_route=%2Fwp%2Fv2%2Fcomments&post=20"}],"version-history":[{"count":2,"href":"https:\/\/wordpress-base.pixerecourt.fr\/index.php?rest_route=\/wp\/v2\/pages\/20\/revisions"}],"predecessor-version":[{"id":38,"href":"https:\/\/wordpress-base.pixerecourt.fr\/index.php?rest_route=\/wp\/v2\/pages\/20\/revisions\/38"}],"wp:attachment":[{"href":"https:\/\/wordpress-base.pixerecourt.fr\/index.php?rest_route=%2Fwp%2Fv2%2Fmedia&parent=20"}],"curies":[{"name":"wp","href":"https:\/\/api.w.org\/{rel}","templated":true}]}}